{"id":2226,"date":"2023-07-10T11:11:07","date_gmt":"2023-07-10T10:11:07","guid":{"rendered":"https:\/\/x-cube.pt\/sobre-nos\/"},"modified":"2024-02-15T16:42:37","modified_gmt":"2024-02-15T15:42:37","slug":"sobre-nos","status":"publish","type":"page","link":"https:\/\/x-cube.pt\/pt-pt\/sobre-nos\/","title":{"rendered":"Sobre n\u00f3s"},"content":{"rendered":"<div class=\"fusion-fullwidth fullwidth-box fusion-builder-row-1 fusion-flex-container has-pattern-background has-mask-background nonhundred-percent-fullwidth non-hundred-percent-height-scrolling\" style=\"--awb-border-radius-top-left:0px;--awb-border-radius-top-right:0px;--awb-border-radius-bottom-right:0px;--awb-border-radius-bottom-left:0px;--awb-flex-wrap:wrap;\" ><div class=\"fusion-builder-row fusion-row fusion-flex-align-items-flex-start fusion-flex-content-wrap\" style=\"max-width:1248px;margin-left: calc(-4% \/ 2 );margin-right: calc(-4% \/ 2 );\"><div class=\"fusion-layout-column fusion_builder_column fusion-builder-column-0 fusion_builder_column_1_1 1_1 fusion-flex-column\" style=\"--awb-padding-top-small:56px;--awb-bg-size:cover;--awb-width-large:100%;--awb-margin-top-large:0px;--awb-spacing-right-large:1.92%;--awb-margin-bottom-large:20px;--awb-spacing-left-large:1.92%;--awb-width-medium:100%;--awb-order-medium:0;--awb-spacing-right-medium:1.92%;--awb-spacing-left-medium:1.92%;--awb-width-small:100%;--awb-order-small:0;--awb-spacing-right-small:1.92%;--awb-spacing-left-small:1.92%;\"><div class=\"fusion-column-wrapper fusion-column-has-shadow fusion-flex-justify-content-flex-start fusion-content-layout-column\"><div class=\"fusion-title title fusion-title-1 fusion-sep-none fusion-title-center fusion-title-text fusion-title-size-one\" style=\"--awb-text-color:var(--awb-color3);--awb-margin-top:50px;--awb-margin-bottom:20px;--awb-margin-top-small:10px;--awb-margin-right-small:0px;--awb-margin-bottom-small:10px;--awb-margin-left-small:0px;\"><h1 class=\"fusion-title-heading title-heading-center fusion-responsive-typography-calculated\" style=\"margin:0;--fontSize:64;line-height:var(--awb-typography1-line-height);\">Sobre n\u00f3s<\/h1><\/div><div class=\"fusion-text fusion-text-1\" style=\"--awb-content-alignment:left;\"><p style=\"text-align: center;\">Adentre o futuro do entretenimento com a X-Cube, onde a inova\u00e7\u00e3o encontra a emo\u00e7\u00e3o.<br \/>Estabelecida em 21 de agosto de 2019, nos Pa\u00edses Baixos, a X-Corp redefiniu o conceito tradicional de escape room<br \/>experi\u00eancia. O resultado? O X-Cube \u2014 uma fus\u00e3o de jogos colaborativos e tecnologia imersiva que<br \/>eleva o entretenimento em grupo e traz a alegria de experi\u00eancias de pr\u00f3xima gera\u00e7\u00e3o para audi\u00eancias de todas as idades.<br \/>Nossa jornada come\u00e7ou com uma vis\u00e3o de reimaginar atividades de lazer, misturando a emo\u00e7\u00e3o dos jogos de v\u00eddeo com<br \/>o desafio interativo das salas de escape. Este conceito deu origem a um paradigma completamente novo em<br \/>entretenimento.<\/p>\n<p style=\"text-align: center;\">Dentro de sua \u00e1rea compacta de apenas 16 metros quadrados, uma variedade de jogos cativantes aguardam, com novos<br \/>acr\u00e9scimos introduzidos anualmente para manter a emo\u00e7\u00e3o viva. Prepare-se para ser cativado pelo<br \/>recursos inovadores, incluindo cinco telas de alta defini\u00e7\u00e3o, incluindo um gigantesco touchscreen 4K de 98 polegadas.<br \/>Aliado ao envolvente som Surround 5.1 Dolby, cada momento dentro do X-Cube \u00e9 uma aventura em<br \/>si pr\u00f3prio \u2014 uma experi\u00eancia visual que permite escapar da realidade.<\/p>\n<p style=\"text-align: center;\">O que realmente distingue o X-Cube \u00e9 sua auto-sufici\u00eancia. Ao contr\u00e1rio de locais de entretenimento tradicionais, nenhum<br \/>n\u00e3o \u00e9 necess\u00e1rio pessoal no local para gerenciar ou supervisionar os jogos. Essa autonomia o torna a adi\u00e7\u00e3o ideal para um<br \/>diversos ambientes, desde centros de entretenimento e hot\u00e9is at\u00e9 pistas de boliche, pistas de kart, feriados<br \/>parques e cinemas.<\/p>\n<p style=\"text-align: center;\">Desde sua instala\u00e7\u00e3o inaugural nos Pa\u00edses Baixos no ver\u00e3o de 2021, o X-Cube ganhou rapidamente<br \/>momentum, com mais de 40 instala\u00e7\u00f5es anteriores \u00e0 nossa instala\u00e7\u00e3o marcante em Portugal em dezembro de 2023.<br \/>At\u00e9 o in\u00edcio de 2024, os Estados Unidos receberam seu primeiro X-Cube, marcando um marco significativo em nossa<br \/>esfor\u00e7os de expans\u00e3o global.<\/p>\n<p style=\"text-align: center;\">\u00c0 medida que nos preparamos para explorar mercados internacionais, nosso compromisso permanece inabal\u00e1vel \u2014 trazer o<br \/>emo\u00e7\u00e3o incompar\u00e1vel do X-Cube para audi\u00eancias em todo o mundo. Junte-se a n\u00f3s enquanto embarcamos nesta emocionante<br \/>jornada, moldando o futuro do entretenimento uma experi\u00eancia imersiva de cada vez. Bem-vindo ao X-Cube\u2014<br \/>onde a aventura n\u00e3o tem limites.<\/p>\n<\/div><\/div><\/div><\/div><\/div>\n","protected":false},"excerpt":{"rendered":"","protected":false},"author":2,"featured_media":0,"parent":0,"menu_order":0,"comment_status":"closed","ping_status":"closed","template":"100-width.php","meta":{"footnotes":""},"class_list":["post-2226","page","type-page","status-publish","hentry"],"yoast_head":"<!-- This site is optimized with the Yoast SEO plugin v27.5 - https:\/\/yoast.com\/product\/yoast-seo-wordpress\/ -->\r\n<title>Sobre n\u00f3s - X-Cube.pt<\/title>\r\n<meta name=\"description\" content=\"Leia sobre a miss\u00e3o da X-Cube e os benef\u00edcios do modelo de neg\u00f3cios, assim como as parcerias e colabora\u00e7\u00f5es que estabelecemos.\" \/>\r\n<meta name=\"robots\" content=\"index, follow, max-snippet:-1, max-image-preview:large, max-video-preview:-1\" \/>\r\n<link rel=\"canonical\" href=\"https:\/\/x-cube.pt\/pt-pt\/sobre-nos\/\" \/>\r\n<meta property=\"og:locale\" content=\"pt_PT\" \/>\r\n<meta property=\"og:type\" content=\"article\" \/>\r\n<meta property=\"og:title\" content=\"Sobre n\u00f3s - X-Cube.pt\" \/>\r\n<meta property=\"og:description\" content=\"Leia sobre a miss\u00e3o da X-Cube e os benef\u00edcios do modelo de neg\u00f3cios, assim como as parcerias e colabora\u00e7\u00f5es que estabelecemos.\" \/>\r\n<meta property=\"og:url\" content=\"https:\/\/x-cube.pt\/pt-pt\/sobre-nos\/\" \/>\r\n<meta property=\"og:site_name\" content=\"X-Cube.pt\" \/>\r\n<meta property=\"article:publisher\" content=\"https:\/\/www.facebook.com\/xcubenl\/\" \/>\r\n<meta property=\"article:modified_time\" content=\"2024-02-15T15:42:37+00:00\" \/>\r\n<meta name=\"twitter:card\" content=\"summary_large_image\" \/>\r\n<meta name=\"twitter:label1\" content=\"Tempo estimado de leitura\" \/>\n\t<meta name=\"twitter:data1\" content=\"5 minutos\" \/>\r\n<script type=\"application\/ld+json\" class=\"yoast-schema-graph\">{\"@context\":\"https:\\\/\\\/schema.org\",\"@graph\":[{\"@type\":\"WebPage\",\"@id\":\"https:\\\/\\\/x-cube.pt\\\/pt-pt\\\/sobre-nos\\\/\",\"url\":\"https:\\\/\\\/x-cube.pt\\\/pt-pt\\\/sobre-nos\\\/\",\"name\":\"Sobre n\u00f3s - X-Cube.pt\",\"isPartOf\":{\"@id\":\"https:\\\/\\\/x-cube.pt\\\/pt-pt\\\/#website\"},\"datePublished\":\"2023-07-10T10:11:07+00:00\",\"dateModified\":\"2024-02-15T15:42:37+00:00\",\"description\":\"Leia sobre a miss\u00e3o da X-Cube e os benef\u00edcios do modelo de neg\u00f3cios, assim como as parcerias e colabora\u00e7\u00f5es que estabelecemos.\",\"breadcrumb\":{\"@id\":\"https:\\\/\\\/x-cube.pt\\\/pt-pt\\\/sobre-nos\\\/#breadcrumb\"},\"inLanguage\":\"pt-PT\",\"potentialAction\":[{\"@type\":\"ReadAction\",\"target\":[\"https:\\\/\\\/x-cube.pt\\\/pt-pt\\\/sobre-nos\\\/\"]}]},{\"@type\":\"BreadcrumbList\",\"@id\":\"https:\\\/\\\/x-cube.pt\\\/pt-pt\\\/sobre-nos\\\/#breadcrumb\",\"itemListElement\":[{\"@type\":\"ListItem\",\"position\":1,\"name\":\"Home\",\"item\":\"https:\\\/\\\/x-cube.pt\\\/pt-pt\\\/\"},{\"@type\":\"ListItem\",\"position\":2,\"name\":\"Sobre n\u00f3s\"}]},{\"@type\":\"WebSite\",\"@id\":\"https:\\\/\\\/x-cube.pt\\\/pt-pt\\\/#website\",\"url\":\"https:\\\/\\\/x-cube.pt\\\/pt-pt\\\/\",\"name\":\"X-Cube.pt\",\"description\":\"X-Cube\",\"publisher\":{\"@id\":\"https:\\\/\\\/x-cube.pt\\\/pt-pt\\\/#organization\"},\"potentialAction\":[{\"@type\":\"SearchAction\",\"target\":{\"@type\":\"EntryPoint\",\"urlTemplate\":\"https:\\\/\\\/x-cube.pt\\\/pt-pt\\\/?s={search_term_string}\"},\"query-input\":{\"@type\":\"PropertyValueSpecification\",\"valueRequired\":true,\"valueName\":\"search_term_string\"}}],\"inLanguage\":\"pt-PT\"},{\"@type\":\"Organization\",\"@id\":\"https:\\\/\\\/x-cube.pt\\\/pt-pt\\\/#organization\",\"name\":\"X-Cube.pt\",\"url\":\"https:\\\/\\\/x-cube.pt\\\/pt-pt\\\/\",\"logo\":{\"@type\":\"ImageObject\",\"inLanguage\":\"pt-PT\",\"@id\":\"https:\\\/\\\/x-cube.pt\\\/pt-pt\\\/#\\\/schema\\\/logo\\\/image\\\/\",\"url\":\"https:\\\/\\\/x-cube.pt\\\/wp-content\\\/uploads\\\/2024\\\/03\\\/cropped-favicon-xcube-removebg-preview-1.png\",\"contentUrl\":\"https:\\\/\\\/x-cube.pt\\\/wp-content\\\/uploads\\\/2024\\\/03\\\/cropped-favicon-xcube-removebg-preview-1.png\",\"width\":512,\"height\":512,\"caption\":\"X-Cube.pt\"},\"image\":{\"@id\":\"https:\\\/\\\/x-cube.pt\\\/pt-pt\\\/#\\\/schema\\\/logo\\\/image\\\/\"},\"sameAs\":[\"https:\\\/\\\/www.facebook.com\\\/xcubenl\\\/\"]}]}<\/script>\r\n<!-- \/ Yoast SEO plugin. -->","yoast_head_json":{"title":"Sobre n\u00f3s - X-Cube.pt","description":"Leia sobre a miss\u00e3o da X-Cube e os benef\u00edcios do modelo de neg\u00f3cios, assim como as parcerias e colabora\u00e7\u00f5es que estabelecemos.","robots":{"index":"index","follow":"follow","max-snippet":"max-snippet:-1","max-image-preview":"max-image-preview:large","max-video-preview":"max-video-preview:-1"},"canonical":"https:\/\/x-cube.pt\/pt-pt\/sobre-nos\/","og_locale":"pt_PT","og_type":"article","og_title":"Sobre n\u00f3s - X-Cube.pt","og_description":"Leia sobre a miss\u00e3o da X-Cube e os benef\u00edcios do modelo de neg\u00f3cios, assim como as parcerias e colabora\u00e7\u00f5es que estabelecemos.","og_url":"https:\/\/x-cube.pt\/pt-pt\/sobre-nos\/","og_site_name":"X-Cube.pt","article_publisher":"https:\/\/www.facebook.com\/xcubenl\/","article_modified_time":"2024-02-15T15:42:37+00:00","twitter_card":"summary_large_image","twitter_misc":{"Tempo estimado de leitura":"5 minutos"},"schema":{"@context":"https:\/\/schema.org","@graph":[{"@type":"WebPage","@id":"https:\/\/x-cube.pt\/pt-pt\/sobre-nos\/","url":"https:\/\/x-cube.pt\/pt-pt\/sobre-nos\/","name":"Sobre n\u00f3s - X-Cube.pt","isPartOf":{"@id":"https:\/\/x-cube.pt\/pt-pt\/#website"},"datePublished":"2023-07-10T10:11:07+00:00","dateModified":"2024-02-15T15:42:37+00:00","description":"Leia sobre a miss\u00e3o da X-Cube e os benef\u00edcios do modelo de neg\u00f3cios, assim como as parcerias e colabora\u00e7\u00f5es que estabelecemos.","breadcrumb":{"@id":"https:\/\/x-cube.pt\/pt-pt\/sobre-nos\/#breadcrumb"},"inLanguage":"pt-PT","potentialAction":[{"@type":"ReadAction","target":["https:\/\/x-cube.pt\/pt-pt\/sobre-nos\/"]}]},{"@type":"BreadcrumbList","@id":"https:\/\/x-cube.pt\/pt-pt\/sobre-nos\/#breadcrumb","itemListElement":[{"@type":"ListItem","position":1,"name":"Home","item":"https:\/\/x-cube.pt\/pt-pt\/"},{"@type":"ListItem","position":2,"name":"Sobre n\u00f3s"}]},{"@type":"WebSite","@id":"https:\/\/x-cube.pt\/pt-pt\/#website","url":"https:\/\/x-cube.pt\/pt-pt\/","name":"X-Cube.pt","description":"X-Cube","publisher":{"@id":"https:\/\/x-cube.pt\/pt-pt\/#organization"},"potentialAction":[{"@type":"SearchAction","target":{"@type":"EntryPoint","urlTemplate":"https:\/\/x-cube.pt\/pt-pt\/?s={search_term_string}"},"query-input":{"@type":"PropertyValueSpecification","valueRequired":true,"valueName":"search_term_string"}}],"inLanguage":"pt-PT"},{"@type":"Organization","@id":"https:\/\/x-cube.pt\/pt-pt\/#organization","name":"X-Cube.pt","url":"https:\/\/x-cube.pt\/pt-pt\/","logo":{"@type":"ImageObject","inLanguage":"pt-PT","@id":"https:\/\/x-cube.pt\/pt-pt\/#\/schema\/logo\/image\/","url":"https:\/\/x-cube.pt\/wp-content\/uploads\/2024\/03\/cropped-favicon-xcube-removebg-preview-1.png","contentUrl":"https:\/\/x-cube.pt\/wp-content\/uploads\/2024\/03\/cropped-favicon-xcube-removebg-preview-1.png","width":512,"height":512,"caption":"X-Cube.pt"},"image":{"@id":"https:\/\/x-cube.pt\/pt-pt\/#\/schema\/logo\/image\/"},"sameAs":["https:\/\/www.facebook.com\/xcubenl\/"]}]}},"_links":{"self":[{"href":"https:\/\/x-cube.pt\/pt-pt\/wp-json\/wp\/v2\/pages\/2226","targetHints":{"allow":["GET"]}}],"collection":[{"href":"https:\/\/x-cube.pt\/pt-pt\/wp-json\/wp\/v2\/pages"}],"about":[{"href":"https:\/\/x-cube.pt\/pt-pt\/wp-json\/wp\/v2\/types\/page"}],"author":[{"embeddable":true,"href":"https:\/\/x-cube.pt\/pt-pt\/wp-json\/wp\/v2\/users\/2"}],"replies":[{"embeddable":true,"href":"https:\/\/x-cube.pt\/pt-pt\/wp-json\/wp\/v2\/comments?post=2226"}],"version-history":[{"count":0,"href":"https:\/\/x-cube.pt\/pt-pt\/wp-json\/wp\/v2\/pages\/2226\/revisions"}],"wp:attachment":[{"href":"https:\/\/x-cube.pt\/pt-pt\/wp-json\/wp\/v2\/media?parent=2226"}],"curies":[{"name":"wp","href":"https:\/\/api.w.org\/{rel}","templated":true}]}}